{"id":103,"date":"2025-05-24T14:43:26","date_gmt":"2025-05-24T12:43:26","guid":{"rendered":"https:\/\/blueakita.com\/pl\/?page_id=103"},"modified":"2025-05-24T14:43:27","modified_gmt":"2025-05-24T12:43:27","slug":"polityka-prywatnosci","status":"publish","type":"page","link":"https:\/\/blueakita.com\/pl\/polityka-prywatnosci\/","title":{"rendered":"Polityka Prywatno\u015bci"},"content":{"rendered":"\n<p>Obowi\u0105zuje od 1 stycznia 2025 roku<\/p>\n\n\n\n<p><strong>I. POSTANOWIENIA OG\u00d3LNE<\/strong><\/p>\n\n\n\n<p>Je\u017celi zajdzie taka konieczno\u015b\u0107, zmiany w niniejszej Polityce Prywatno\u015bci b\u0119d\u0105 wprowadzane w spos\u00f3b analogiczny do zasad, kt\u00f3re s\u0105 okre\u015blone w sprawie zmian w Regulaminie.<\/p>\n\n\n\n<p><strong>II. CEL ZBIERANIA DANYCH OSOBOWYCH<\/strong><\/p>\n\n\n\n<p>Twoje dane s\u0105 nam potrzebne aby:<\/p>\n\n\n\n<ul class=\"wp-block-list\">\n<li>doskonali\u0107 nasze produkty i us\u0142ugi<\/li>\n<\/ul>\n\n\n\n<p>Twoje dane b\u0119d\u0105 przetwarzane tak d\u0142ugo, jak b\u0119dziesz naszym aktywnym u\u017cytkownikiem.<\/p>\n\n\n\n<p>Je\u017celi skontaktujesz si\u0119 z nami za pomoc\u0105 formularza kontaktowego, poprzez email lub dowoln\u0105 inn\u0105 form\u0119 komunikacji, b\u0119dziemy przetwarza\u0107 nast\u0119puj\u0105ce dane (dotyczy tak\u017ce kontaktu w sprawach RODO):<\/p>\n\n\n\n<ul class=\"wp-block-list\">\n<li>adres email<\/li>\n\n\n\n<li>imi\u0119 i nazwisko<\/li>\n\n\n\n<li>nazw\u0119 firmy<\/li>\n\n\n\n<li>dane podane w pozosta\u0142ych polach kt\u00f3re nam udost\u0119pnisz<\/li>\n<\/ul>\n\n\n\n<p><strong>III. TWOJE PRAWA W KONTEK\u015aCIE RODO<\/strong><\/p>\n\n\n\n<p><em>Artyku\u0142 15 RODO &#8211; Prawo dost\u0119pu do danych<\/em><\/p>\n\n\n\n<p>Masz prawo sprawdzi\u0107, jakie dane osobowe s\u0105 przetwarzane, ich zakres, cele przetwarzania, podstawy prawne, odbiorc\u00f3w danych oraz przewidywany czas ich przechowywania. Mo\u017cesz r\u00f3wnie\u017c za\u017c\u0105da\u0107 kopii danych.<\/p>\n\n\n\n<p><em>Artyku\u0142 16 RODO &#8211; Prawo do sprostowania danych<\/em><\/p>\n\n\n\n<p>Mo\u017cesz poprawi\u0107 lub uzupe\u0142ni\u0107 swoje dane osobowe, szczeg\u00f3lnie gdy s\u0105 one niekompletne lub nieprawid\u0142owe.<\/p>\n\n\n\n<p><em>Artyku\u0142 17 RODO &#8211; Prawo do usuni\u0119cia danych<\/em><\/p>\n\n\n\n<p>Masz mo\u017cliwo\u015b\u0107 usuni\u0119cia swoich danych osobowych, z wyj\u0105tkami takimi jak otwarte zam\u00f3wienia, transakcje wymagaj\u0105ce sprawozda\u0144 ksi\u0119gowych, czy obowi\u0105zki wynikaj\u0105ce z wniosk\u00f3w organ\u00f3w pa\u0144stwowych.<\/p>\n\n\n\n<p><em>Artyku\u0142 18 RODO &#8211; Prawo do ograniczenia przetwarzania danych<\/em><\/p>\n\n\n\n<p>Mo\u017cesz za\u017c\u0105da\u0107 ograniczenia przetwarzania danych w przypadkach, takich jak w\u0105tpliwo\u015bci co do ich poprawno\u015bci lub gdy dane nie s\u0105 ju\u017c potrzebne, ale wymagane do roszcze\u0144 prawnych.<\/p>\n\n\n\n<p><em>Artyku\u0142 19 RODO &#8211; Obowi\u0105zek powiadomienia o sprostowaniu lub usuni\u0119ciu danych lub o ograniczeniu przetwarzania<\/em><\/p>\n\n\n\n<p>Je\u017celi zasz\u0142a potrzeba sprostowania, usuni\u0119cia czy ograniczenia przetwarzania danych, b\u0119dziemy informowa\u0107 o tych zmianach wszystkie zainteresowane strony.<\/p>\n\n\n\n<p><em>Artyku\u0142 20 RODO &#8211; Prawo do przenoszenia danych<\/em><\/p>\n\n\n\n<p>Mo\u017cesz otrzyma\u0107 swoje dane w ustrukturyzowanym formacie lub za\u017c\u0105da\u0107 ich przes\u0142ania innemu podmiotowi.<\/p>\n\n\n\n<p><em>Artyku\u0142 21 RODO &#8211; Prawo do sprzeciwu<\/em><\/p>\n\n\n\n<p>Masz prawo sprzeciwi\u0107 si\u0119 przetwarzaniu danych osobowych na podstawie interesu administratora, a tak\u017ce wobec przetwarzania danych na potrzeby marketingu bezpo\u015bredniego.<\/p>\n\n\n\n<p><em>Artyku\u0142 22 RODO &#8211; Prawo do niepodlegania zautomatyzowanemu przetwarzaniu, w tym profilowaniu<\/em><\/p>\n\n\n\n<p>Masz prawo nie wyra\u017ca\u0107 zgody na automatyczne podejmowanie decyzji, w tym profilowanie, kt\u00f3re istotnie wp\u0142ywa na Twoje prawa.<\/p>\n\n\n\n<p><em>Artyku\u0142 77 RODO &#8211; Prawo do zg\u0142oszenia skargi do organu nadzorczego<\/em><\/p>\n\n\n\n<p>Mo\u017cesz zg\u0142osi\u0107 skarg\u0119 do Urz\u0119du Ochrony Danych Osobowych, je\u015bli uwa\u017casz, \u017ce przetwarzanie Twoich danych osobowych jest nieprawid\u0142owe.<\/p>\n\n\n\n<p><em>Prawo do niewyra\u017cenia zgody i wycofania zgody w dowolnym momencie<\/em><\/p>\n\n\n\n<p>Masz mo\u017cliwo\u015b\u0107 wycofania ka\u017cdej wyra\u017conej zgody na przetwarzanie danych w dowolnym momencie, co nie wp\u0142ywa na wcze\u015bniej wykonane dzia\u0142ania.<\/p>\n\n\n\n<p><strong>IV. POLITYKA COOKIES<\/strong><\/p>\n\n\n\n<p>Witryna korzysta z technologii cookies. Cz\u0119\u015b\u0107 danych jest wymagana do poprawnego dzia\u0142ania strony. Dok\u0142adne informacje dotycz\u0105ce cookies znajdziesz w <a href=\"https:\/\/www.blueakita.com\/pl\/polityka-cookies\">Polityce Cookies<\/a>.<\/p>\n\n\n\n<p><strong>V. ODBIORCY DANYCH I PRZEKAZYWANIE DANYCH POZA EUROPEJSKI OBSZAR GOSPODARCZY<\/strong><\/p>\n\n\n\n<p>Twoje dane mog\u0105 by\u0107 przez nas przekazywane partnerom, kt\u00f3rzy b\u0119d\u0105 je przetwarza\u0107 jako administrator danych w celu realizacji okre\u015blonych us\u0142ug.<\/p>\n\n\n\n<p>Twoje dane mog\u0105 zosta\u0107 udost\u0119pnione tak\u017ce instytucjom publicznym, kt\u00f3re o to do nas wyst\u0105pi\u0105 i b\u0119d\u0105 mia\u0142y w tym interes uzasadniony prawnie, w szczeg\u00f3lno\u015bci dotyczy to organ\u00f3w pa\u0144stwa takich jak policja, prokuratura, s\u0105dy czy urz\u0119dy.<\/p>\n\n\n\n<p>Twoje dane osobowe nie s\u0105 sprzedawane, nie s\u0105 tak\u017ce udost\u0119pniane firmom kt\u00f3re prowadz\u0105 natarczywe dzia\u0142ania marketingowe.<\/p>\n\n\n\n<p>Twoje dane osobowe mog\u0105 by\u0107 przekazywane zar\u00f3wno w obr\u0119bie Unii Europejskiej, jak i poza granice Europejskiego Obszaru Gospodarczego. Transfer danych poza EOG jest mo\u017cliwy, je\u015bli Komisja Europejska uzna, \u017ce dany kraj trzeci, terytorium lub specyficzne sektory w tym kraju, lub mi\u0119dzynarodowa organizacja, zapewniaj\u0105 adekwatn\u0105 ochron\u0119 danych (art. 45 RODO).<\/p>\n\n\n\n<p>W sytuacji, gdy nie ma takiego potwierdzenia od Komisji, mo\u017cliwe jest przekazywanie danych do pa\u0144stw poza UE lub mi\u0119dzynarodowych organizacji, pod warunkiem, \u017ce zastosowane zostan\u0105 odpowiednie \u015brodki zabezpieczaj\u0105ce (takie jak standardowe klauzule ochrony danych zatwierdzone przez Komisj\u0119 lub odpowiedni organ nadzoruj\u0105cy) oraz istniej\u0105 mo\u017cliwo\u015bci skutecznego dochodzenia praw i dost\u0119pne \u015brodki prawne.<\/p>\n\n\n\n<p><strong>VI. AUTOMATYZACJA I PROFILOWANIE DANYCH<\/strong><\/p>\n\n\n\n<p>Twoje dane nie b\u0119d\u0105 wykorzystywane do automatycznego podejmowania decyzji powoduj\u0105cej skutki prawne lub do cel\u00f3w maj\u0105cych podobny wp\u0142yw.<\/p>\n\n\n\n<p><strong>VII. ADMINISTRATOR DANYCH<\/strong><\/p>\n\n\n\n<p>Administratorem Twoich danych osobowych jest:<br>Web Solutions prowadzona przez Tomasza Szmyta, ul. Legnicka 3 m. 32, 70-134 Szczecin NIP: 855-15-80-500 &nbsp; REGON: 380773495<\/p>\n\n\n\n<p>Kontakt z administratorem jest mo\u017cliwy za pomoc\u0105 adresu email <a href=\"mailto:contact@blueakita.com\">contact@blueakita.com<\/a><\/p>\n\n\n\n<p><strong>VIII. DANE DO KONTAKTU I INSPEKTOR OCHRONY DANYCH OSOBOWYCH<\/strong><\/p>\n\n\n\n<p>Inspektorem Ochrony danych jest Tomasz Szmyt. Kontakt z inspektorem mo\u017cliwy jest za pomoc\u0105 adresu email <a href=\"mailto:contact@blueakita.com\">contact@blueakita.com<\/a>. Mo\u017cesz skontaktowa\u0107 si\u0119 tak\u017ce w inny spos\u00f3b, na przyk\u0142ad przez formularz kontaktowy.<\/p>\n","protected":false},"excerpt":{"rendered":"<p>Obowi\u0105zuje od 1 stycznia 2025 roku I. POSTANOWIENIA OG\u00d3LNE Je\u017celi zajdzie taka konieczno\u015b\u0107, zmiany w niniejszej Polityce Prywatno\u015bci b\u0119d\u0105 wprowadzane w spos\u00f3b analogiczny do zasad, kt\u00f3re s\u0105 okre\u015blone w sprawie zmian w Regulaminie. II. CEL ZBIERANIA DANYCH OSOBOWYCH Twoje dane s\u0105 nam potrzebne aby: Twoje dane b\u0119d\u0105 przetwarzane tak d\u0142ugo, jak b\u0119dziesz naszym aktywnym u\u017cytkownikiem. [&hellip;]<\/p>\n","protected":false},"author":1,"featured_media":0,"parent":0,"menu_order":0,"comment_status":"closed","ping_status":"closed","template":"","meta":{"footnotes":""},"class_list":["post-103","page","type-page","status-publish","hentry"],"yoast_head":"<!-- This site is optimized with the Yoast SEO plugin v26.2 - https:\/\/yoast.com\/wordpress\/plugins\/seo\/ -->\n<title>Polityka Prywatno\u015bci - BlueAkita.com - Polska<\/title>\n<meta name=\"robots\" content=\"index, follow, max-snippet:-1, max-image-preview:large, max-video-preview:-1\" \/>\n<link rel=\"canonical\" href=\"https:\/\/blueakita.com\/pl\/polityka-prywatnosci\/\" \/>\n<meta property=\"og:locale\" content=\"pl_PL\" \/>\n<meta property=\"og:type\" content=\"article\" \/>\n<meta property=\"og:title\" content=\"Polityka Prywatno\u015bci - BlueAkita.com - Polska\" \/>\n<meta property=\"og:description\" content=\"Obowi\u0105zuje od 1 stycznia 2025 roku I. POSTANOWIENIA OG\u00d3LNE Je\u017celi zajdzie taka konieczno\u015b\u0107, zmiany w niniejszej Polityce Prywatno\u015bci b\u0119d\u0105 wprowadzane w spos\u00f3b analogiczny do zasad, kt\u00f3re s\u0105 okre\u015blone w sprawie zmian w Regulaminie. II. CEL ZBIERANIA DANYCH OSOBOWYCH Twoje dane s\u0105 nam potrzebne aby: Twoje dane b\u0119d\u0105 przetwarzane tak d\u0142ugo, jak b\u0119dziesz naszym aktywnym u\u017cytkownikiem. [&hellip;]\" \/>\n<meta property=\"og:url\" content=\"https:\/\/blueakita.com\/pl\/polityka-prywatnosci\/\" \/>\n<meta property=\"og:site_name\" content=\"BlueAkita.com - Polska\" \/>\n<meta property=\"article:modified_time\" content=\"2025-05-24T12:43:27+00:00\" \/>\n<meta name=\"twitter:card\" content=\"summary_large_image\" \/>\n<meta name=\"twitter:label1\" content=\"Szacowany czas czytania\" \/>\n\t<meta name=\"twitter:data1\" content=\"5 minut\" \/>\n<script type=\"application\/ld+json\" class=\"yoast-schema-graph\">{\"@context\":\"https:\/\/schema.org\",\"@graph\":[{\"@type\":\"WebPage\",\"@id\":\"https:\/\/blueakita.com\/pl\/polityka-prywatnosci\/\",\"url\":\"https:\/\/blueakita.com\/pl\/polityka-prywatnosci\/\",\"name\":\"Polityka Prywatno\u015bci - BlueAkita.com - Polska\",\"isPartOf\":{\"@id\":\"https:\/\/blueakita.com\/pl\/#website\"},\"datePublished\":\"2025-05-24T12:43:26+00:00\",\"dateModified\":\"2025-05-24T12:43:27+00:00\",\"breadcrumb\":{\"@id\":\"https:\/\/blueakita.com\/pl\/polityka-prywatnosci\/#breadcrumb\"},\"inLanguage\":\"pl-PL\",\"potentialAction\":[{\"@type\":\"ReadAction\",\"target\":[\"https:\/\/blueakita.com\/pl\/polityka-prywatnosci\/\"]}]},{\"@type\":\"BreadcrumbList\",\"@id\":\"https:\/\/blueakita.com\/pl\/polityka-prywatnosci\/#breadcrumb\",\"itemListElement\":[{\"@type\":\"ListItem\",\"position\":1,\"name\":\"Strona g\u0142\u00f3wna\",\"item\":\"https:\/\/blueakita.com\/pl\/\"},{\"@type\":\"ListItem\",\"position\":2,\"name\":\"Polityka Prywatno\u015bci\"}]},{\"@type\":\"WebSite\",\"@id\":\"https:\/\/blueakita.com\/pl\/#website\",\"url\":\"https:\/\/blueakita.com\/pl\/\",\"name\":\"BlueAkita.com - Polska\",\"description\":\"Eksperci w Internecie\",\"publisher\":{\"@id\":\"https:\/\/blueakita.com\/pl\/#organization\"},\"potentialAction\":[{\"@type\":\"SearchAction\",\"target\":{\"@type\":\"EntryPoint\",\"urlTemplate\":\"https:\/\/blueakita.com\/pl\/?s={search_term_string}\"},\"query-input\":{\"@type\":\"PropertyValueSpecification\",\"valueRequired\":true,\"valueName\":\"search_term_string\"}}],\"inLanguage\":\"pl-PL\"},{\"@type\":\"Organization\",\"@id\":\"https:\/\/blueakita.com\/pl\/#organization\",\"name\":\"BlueAkita.com - Polska\",\"url\":\"https:\/\/blueakita.com\/pl\/\",\"logo\":{\"@type\":\"ImageObject\",\"inLanguage\":\"pl-PL\",\"@id\":\"https:\/\/blueakita.com\/pl\/#\/schema\/logo\/image\/\",\"url\":\"https:\/\/blueakita.com\/pl\/wp-content\/uploads\/sites\/2\/2024\/10\/blue-akita-logo-512.png\",\"contentUrl\":\"https:\/\/blueakita.com\/pl\/wp-content\/uploads\/sites\/2\/2024\/10\/blue-akita-logo-512.png\",\"width\":512,\"height\":519,\"caption\":\"BlueAkita.com - Polska\"},\"image\":{\"@id\":\"https:\/\/blueakita.com\/pl\/#\/schema\/logo\/image\/\"}}]}<\/script>\n<!-- \/ Yoast SEO plugin. -->","yoast_head_json":{"title":"Polityka Prywatno\u015bci - BlueAkita.com - Polska","robots":{"index":"index","follow":"follow","max-snippet":"max-snippet:-1","max-image-preview":"max-image-preview:large","max-video-preview":"max-video-preview:-1"},"canonical":"https:\/\/blueakita.com\/pl\/polityka-prywatnosci\/","og_locale":"pl_PL","og_type":"article","og_title":"Polityka Prywatno\u015bci - BlueAkita.com - Polska","og_description":"Obowi\u0105zuje od 1 stycznia 2025 roku I. POSTANOWIENIA OG\u00d3LNE Je\u017celi zajdzie taka konieczno\u015b\u0107, zmiany w niniejszej Polityce Prywatno\u015bci b\u0119d\u0105 wprowadzane w spos\u00f3b analogiczny do zasad, kt\u00f3re s\u0105 okre\u015blone w sprawie zmian w Regulaminie. II. CEL ZBIERANIA DANYCH OSOBOWYCH Twoje dane s\u0105 nam potrzebne aby: Twoje dane b\u0119d\u0105 przetwarzane tak d\u0142ugo, jak b\u0119dziesz naszym aktywnym u\u017cytkownikiem. [&hellip;]","og_url":"https:\/\/blueakita.com\/pl\/polityka-prywatnosci\/","og_site_name":"BlueAkita.com - Polska","article_modified_time":"2025-05-24T12:43:27+00:00","twitter_card":"summary_large_image","twitter_misc":{"Szacowany czas czytania":"5 minut"},"schema":{"@context":"https:\/\/schema.org","@graph":[{"@type":"WebPage","@id":"https:\/\/blueakita.com\/pl\/polityka-prywatnosci\/","url":"https:\/\/blueakita.com\/pl\/polityka-prywatnosci\/","name":"Polityka Prywatno\u015bci - BlueAkita.com - Polska","isPartOf":{"@id":"https:\/\/blueakita.com\/pl\/#website"},"datePublished":"2025-05-24T12:43:26+00:00","dateModified":"2025-05-24T12:43:27+00:00","breadcrumb":{"@id":"https:\/\/blueakita.com\/pl\/polityka-prywatnosci\/#breadcrumb"},"inLanguage":"pl-PL","potentialAction":[{"@type":"ReadAction","target":["https:\/\/blueakita.com\/pl\/polityka-prywatnosci\/"]}]},{"@type":"BreadcrumbList","@id":"https:\/\/blueakita.com\/pl\/polityka-prywatnosci\/#breadcrumb","itemListElement":[{"@type":"ListItem","position":1,"name":"Strona g\u0142\u00f3wna","item":"https:\/\/blueakita.com\/pl\/"},{"@type":"ListItem","position":2,"name":"Polityka Prywatno\u015bci"}]},{"@type":"WebSite","@id":"https:\/\/blueakita.com\/pl\/#website","url":"https:\/\/blueakita.com\/pl\/","name":"BlueAkita.com - Polska","description":"Eksperci w Internecie","publisher":{"@id":"https:\/\/blueakita.com\/pl\/#organization"},"potentialAction":[{"@type":"SearchAction","target":{"@type":"EntryPoint","urlTemplate":"https:\/\/blueakita.com\/pl\/?s={search_term_string}"},"query-input":{"@type":"PropertyValueSpecification","valueRequired":true,"valueName":"search_term_string"}}],"inLanguage":"pl-PL"},{"@type":"Organization","@id":"https:\/\/blueakita.com\/pl\/#organization","name":"BlueAkita.com - Polska","url":"https:\/\/blueakita.com\/pl\/","logo":{"@type":"ImageObject","inLanguage":"pl-PL","@id":"https:\/\/blueakita.com\/pl\/#\/schema\/logo\/image\/","url":"https:\/\/blueakita.com\/pl\/wp-content\/uploads\/sites\/2\/2024\/10\/blue-akita-logo-512.png","contentUrl":"https:\/\/blueakita.com\/pl\/wp-content\/uploads\/sites\/2\/2024\/10\/blue-akita-logo-512.png","width":512,"height":519,"caption":"BlueAkita.com - Polska"},"image":{"@id":"https:\/\/blueakita.com\/pl\/#\/schema\/logo\/image\/"}}]}},"_links":{"self":[{"href":"https:\/\/blueakita.com\/pl\/wp-json\/wp\/v2\/pages\/103","targetHints":{"allow":["GET"]}}],"collection":[{"href":"https:\/\/blueakita.com\/pl\/wp-json\/wp\/v2\/pages"}],"about":[{"href":"https:\/\/blueakita.com\/pl\/wp-json\/wp\/v2\/types\/page"}],"author":[{"embeddable":true,"href":"https:\/\/blueakita.com\/pl\/wp-json\/wp\/v2\/users\/1"}],"replies":[{"embeddable":true,"href":"https:\/\/blueakita.com\/pl\/wp-json\/wp\/v2\/comments?post=103"}],"version-history":[{"count":1,"href":"https:\/\/blueakita.com\/pl\/wp-json\/wp\/v2\/pages\/103\/revisions"}],"predecessor-version":[{"id":104,"href":"https:\/\/blueakita.com\/pl\/wp-json\/wp\/v2\/pages\/103\/revisions\/104"}],"wp:attachment":[{"href":"https:\/\/blueakita.com\/pl\/wp-json\/wp\/v2\/media?parent=103"}],"curies":[{"name":"wp","href":"https:\/\/api.w.org\/{rel}","templated":true}]}}